{"id":400,"date":"2022-01-19T22:13:24","date_gmt":"2022-01-19T22:13:24","guid":{"rendered":"https:\/\/rs.artificium.es\/?page_id=400"},"modified":"2022-01-19T22:17:33","modified_gmt":"2022-01-19T22:17:33","slug":"comunicacion","status":"publish","type":"page","link":"https:\/\/rumbosureventos.com\/index.php\/comunicacion\/","title":{"rendered":"Comunicaci\u00f3n"},"content":{"rendered":"\t\t<div data-elementor-type=\"wp-page\" data-elementor-id=\"400\" class=\"elementor elementor-400\" data-elementor-settings=\"[]\">\n\t\t\t\t\t\t\t<div class=\"elementor-section-wrap\">\n\t\t\t\t\t\t\t<section class=\"elementor-section elementor-top-section elementor-element elementor-element-120d60c elementor-section-boxed elementor-section-height-default elementor-section-height-default\" data-id=\"120d60c\" data-element_type=\"section\">\n\t\t\t\t\t\t<div class=\"elementor-container elementor-column-gap-default\">\n\t\t\t\t\t<div class=\"elementor-column elementor-col-100 elementor-top-column elementor-element elementor-element-770f099\" data-id=\"770f099\" data-element_type=\"column\">\n\t\t\t<div class=\"elementor-widget-wrap elementor-element-populated\">\n\t\t\t\t\t\t\t\t<div class=\"elementor-element elementor-element-d8a16ab elementor-widget elementor-widget-heading\" data-id=\"d8a16ab\" data-element_type=\"widget\" data-widget_type=\"heading.default\">\n\t\t\t\t<div class=\"elementor-widget-container\">\n\t\t\t<style>\/*! elementor - v3.5.3 - 28-12-2021 *\/\n.elementor-heading-title{padding:0;margin:0;line-height:1}.elementor-widget-heading .elementor-heading-title[class*=elementor-size-]>a{color:inherit;font-size:inherit;line-height:inherit}.elementor-widget-heading .elementor-heading-title.elementor-size-small{font-size:15px}.elementor-widget-heading .elementor-heading-title.elementor-size-medium{font-size:19px}.elementor-widget-heading .elementor-heading-title.elementor-size-large{font-size:29px}.elementor-widget-heading .elementor-heading-title.elementor-size-xl{font-size:39px}.elementor-widget-heading .elementor-heading-title.elementor-size-xxl{font-size:59px}<\/style><h1 class=\"elementor-heading-title elementor-size-default\">Comunicaci\u00f3n<\/h1>\t\t<\/div>\n\t\t\t\t<\/div>\n\t\t\t\t<div class=\"elementor-element elementor-element-95ddb80 elementor-widget elementor-widget-text-editor\" data-id=\"95ddb80\" data-element_type=\"widget\" data-widget_type=\"text-editor.default\">\n\t\t\t\t<div class=\"elementor-widget-container\">\n\t\t\t<style>\/*! elementor - v3.5.3 - 28-12-2021 *\/\n.elementor-widget-text-editor.elementor-drop-cap-view-stacked .elementor-drop-cap{background-color:#818a91;color:#fff}.elementor-widget-text-editor.elementor-drop-cap-view-framed .elementor-drop-cap{color:#818a91;border:3px solid;background-color:transparent}.elementor-widget-text-editor:not(.elementor-drop-cap-view-default) .elementor-drop-cap{margin-top:8px}.elementor-widget-text-editor:not(.elementor-drop-cap-view-default) .elementor-drop-cap-letter{width:1em;height:1em}.elementor-widget-text-editor .elementor-drop-cap{float:left;text-align:center;line-height:1;font-size:50px}.elementor-widget-text-editor .elementor-drop-cap-letter{display:inline-block}<\/style>\t\t\t\t<p>Una manera nueva y sorprendente de captar la atenci\u00f3n.<\/p>\t\t\t\t\t\t<\/div>\n\t\t\t\t<\/div>\n\t\t\t\t\t<\/div>\n\t\t<\/div>\n\t\t\t\t\t\t\t<\/div>\n\t\t<\/section>\n\t\t\t\t<section class=\"elementor-section elementor-top-section elementor-element elementor-element-c0bbd29 elementor-section-boxed elementor-section-height-default elementor-section-height-default\" data-id=\"c0bbd29\" data-element_type=\"section\">\n\t\t\t\t\t\t<div class=\"elementor-container elementor-column-gap-default\">\n\t\t\t\t\t<div class=\"elementor-column elementor-col-100 elementor-top-column elementor-element elementor-element-7625f36\" data-id=\"7625f36\" data-element_type=\"column\">\n\t\t\t<div class=\"elementor-widget-wrap elementor-element-populated\">\n\t\t\t\t\t\t\t\t<section class=\"elementor-section elementor-inner-section elementor-element elementor-element-6e42abb elementor-section-boxed elementor-section-height-default elementor-section-height-default\" data-id=\"6e42abb\" data-element_type=\"section\" data-settings=\"{&quot;background_background&quot;:&quot;classic&quot;}\">\n\t\t\t\t\t\t<div class=\"elementor-container elementor-column-gap-default\">\n\t\t\t\t\t<div class=\"elementor-column elementor-col-50 elementor-inner-column elementor-element elementor-element-d1bdf19\" data-id=\"d1bdf19\" data-element_type=\"column\">\n\t\t\t<div class=\"elementor-widget-wrap elementor-element-populated\">\n\t\t\t\t\t\t\t\t<div class=\"elementor-element elementor-element-531f75d elementor-widget elementor-widget-image\" data-id=\"531f75d\" data-element_type=\"widget\" data-widget_type=\"image.default\">\n\t\t\t\t<div class=\"elementor-widget-container\">\n\t\t\t<style>\/*! elementor - v3.5.3 - 28-12-2021 *\/\n.elementor-widget-image{text-align:center}.elementor-widget-image a{display:inline-block}.elementor-widget-image a img[src$=\".svg\"]{width:48px}.elementor-widget-image img{vertical-align:middle;display:inline-block}<\/style>\t\t\t\t\t\t\t\t\t\t\t\t<img loading=\"lazy\" decoding=\"async\" width=\"1024\" height=\"768\" src=\"https:\/\/rumbosureventos.com\/wp-content\/uploads\/2022\/01\/barcos-de-regata-como-soportes-publicitarios.jpg\" class=\"attachment-large size-large\" alt=\"\" srcset=\"https:\/\/rumbosureventos.com\/wp-content\/uploads\/2022\/01\/barcos-de-regata-como-soportes-publicitarios.jpg 1024w, https:\/\/rumbosureventos.com\/wp-content\/uploads\/2022\/01\/barcos-de-regata-como-soportes-publicitarios-300x225.jpg 300w, https:\/\/rumbosureventos.com\/wp-content\/uploads\/2022\/01\/barcos-de-regata-como-soportes-publicitarios-768x576.jpg 768w\" sizes=\"auto, (max-width: 1024px) 100vw, 1024px\" \/>\t\t\t\t\t\t\t\t\t\t\t\t\t\t\t<\/div>\n\t\t\t\t<\/div>\n\t\t\t\t\t<\/div>\n\t\t<\/div>\n\t\t\t\t<div class=\"elementor-column elementor-col-50 elementor-inner-column elementor-element elementor-element-09583d1\" data-id=\"09583d1\" data-element_type=\"column\" data-settings=\"{&quot;background_background&quot;:&quot;classic&quot;}\">\n\t\t\t<div class=\"elementor-widget-wrap elementor-element-populated\">\n\t\t\t\t\t\t\t\t<div class=\"elementor-element elementor-element-92ef919 elementor-widget elementor-widget-heading\" data-id=\"92ef919\" data-element_type=\"widget\" data-widget_type=\"heading.default\">\n\t\t\t\t<div class=\"elementor-widget-container\">\n\t\t\t<h2 class=\"elementor-heading-title elementor-size-default\">ALQUILER DE BARCOS DE REGATA COMO SOPORTES PUBLICITARIOS<\/h2>\t\t<\/div>\n\t\t\t\t<\/div>\n\t\t\t\t<div class=\"elementor-element elementor-element-30efc15 elementor-widget elementor-widget-text-editor\" data-id=\"30efc15\" data-element_type=\"widget\" data-widget_type=\"text-editor.default\">\n\t\t\t\t<div class=\"elementor-widget-container\">\n\t\t\t\t\t\t\t<p>\u00a1Mayor impacto imposible!. Barcos de 9 metros de eslora arbolados, rotulados con el nombre y la imagen de tu compa\u00f1\u00eda, y empavesados con banderas y gallardetes colocados sobre sus remolque en el lugar que tu nos indiques. Sorprende en tus reuniones de empresa o en tu campa\u00f1as de comunicaci\u00f3n con este impactante recurso, mucho m\u00e1s econ\u00f3mico de lo que te imaginas. Preg\u00fantanos.<\/p>\t\t\t\t\t\t<\/div>\n\t\t\t\t<\/div>\n\t\t\t\t<div class=\"elementor-element elementor-element-013e5f4 elementor-widget elementor-widget-image-gallery\" data-id=\"013e5f4\" data-element_type=\"widget\" data-widget_type=\"image-gallery.default\">\n\t\t\t\t<div class=\"elementor-widget-container\">\n\t\t\t<style>\/*! elementor - v3.5.3 - 28-12-2021 *\/\n.elementor-image-gallery .gallery-item{display:inline-block;text-align:center;vertical-align:top;width:100%;max-width:100%;margin:0 auto}.elementor-image-gallery .gallery-item img{margin:0 auto}.elementor-image-gallery .gallery-item .gallery-caption{margin:0}.elementor-image-gallery figure img{display:block}.elementor-image-gallery figure figcaption{width:100%}.gallery-spacing-custom .elementor-image-gallery .gallery-icon{padding:0}@media (min-width:768px){.elementor-image-gallery .gallery-columns-2 .gallery-item{max-width:50%}.elementor-image-gallery .gallery-columns-3 .gallery-item{max-width:33.33%}.elementor-image-gallery .gallery-columns-4 .gallery-item{max-width:25%}.elementor-image-gallery .gallery-columns-5 .gallery-item{max-width:20%}.elementor-image-gallery .gallery-columns-6 .gallery-item{max-width:16.666%}.elementor-image-gallery .gallery-columns-7 .gallery-item{max-width:14.28%}.elementor-image-gallery .gallery-columns-8 .gallery-item{max-width:12.5%}.elementor-image-gallery .gallery-columns-9 .gallery-item{max-width:11.11%}.elementor-image-gallery .gallery-columns-10 .gallery-item{max-width:10%}}@media (min-width:480px) and (max-width:767px){.elementor-image-gallery .gallery.gallery-columns-2 .gallery-item,.elementor-image-gallery .gallery.gallery-columns-3 .gallery-item,.elementor-image-gallery .gallery.gallery-columns-4 .gallery-item,.elementor-image-gallery .gallery.gallery-columns-5 .gallery-item,.elementor-image-gallery .gallery.gallery-columns-6 .gallery-item,.elementor-image-gallery .gallery.gallery-columns-7 .gallery-item,.elementor-image-gallery .gallery.gallery-columns-8 .gallery-item,.elementor-image-gallery .gallery.gallery-columns-9 .gallery-item,.elementor-image-gallery .gallery.gallery-columns-10 .gallery-item{max-width:50%}}@media (max-width:479px){.elementor-image-gallery .gallery.gallery-columns-2 .gallery-item,.elementor-image-gallery .gallery.gallery-columns-3 .gallery-item,.elementor-image-gallery .gallery.gallery-columns-4 .gallery-item,.elementor-image-gallery .gallery.gallery-columns-5 .gallery-item,.elementor-image-gallery .gallery.gallery-columns-6 .gallery-item,.elementor-image-gallery .gallery.gallery-columns-7 .gallery-item,.elementor-image-gallery .gallery.gallery-columns-8 .gallery-item,.elementor-image-gallery .gallery.gallery-columns-9 .gallery-item,.elementor-image-gallery .gallery.gallery-columns-10 .gallery-item{max-width:100%}}<\/style>\t\t<div class=\"elementor-image-gallery\">\n\t\t\t<div id='gallery-1' class='gallery galleryid-400 gallery-columns-10 gallery-size-thumbnail'><figure class='gallery-item'>\n\t\t\t<div class='gallery-icon landscape'>\n\t\t\t\t<a data-elementor-open-lightbox=\"yes\" data-elementor-lightbox-slideshow=\"013e5f4\" data-elementor-lightbox-title=\"barcos-de-regata-como-soportes-publicitarios\" href='https:\/\/rumbosureventos.com\/wp-content\/uploads\/2022\/01\/barcos-de-regata-como-soportes-publicitarios.jpg'><img loading=\"lazy\" decoding=\"async\" width=\"150\" height=\"150\" src=\"https:\/\/rumbosureventos.com\/wp-content\/uploads\/2022\/01\/barcos-de-regata-como-soportes-publicitarios-150x150.jpg\" class=\"attachment-thumbnail size-thumbnail\" alt=\"\" \/><\/a>\n\t\t\t<\/div><\/figure>\n\t\t<\/div>\n\t\t<\/div>\n\t\t\t\t<\/div>\n\t\t\t\t<\/div>\n\t\t\t\t\t<\/div>\n\t\t<\/div>\n\t\t\t\t\t\t\t<\/div>\n\t\t<\/section>\n\t\t\t\t\t<\/div>\n\t\t<\/div>\n\t\t\t\t\t\t\t<\/div>\n\t\t<\/section>\n\t\t\t\t\t\t<\/div>\n\t\t\t\t\t<\/div>\n\t\t","protected":false},"excerpt":{"rendered":"<p>Comunicaci\u00f3n Una manera nueva y sorprendente de captar la atenci\u00f3n. ALQUILER DE BARCOS DE REGATA COMO SOPORTES PUBLICITARIOS \u00a1Mayor impacto imposible!. Barcos de 9 metros de eslora arbolados, rotulados con el nombre y la imagen de tu compa\u00f1\u00eda, y empavesados con banderas y gallardetes colocados sobre sus remolque en el lugar que tu nos indiques. [&hellip;]<\/p>\n","protected":false},"author":1,"featured_media":0,"parent":0,"menu_order":0,"comment_status":"closed","ping_status":"closed","template":"","meta":{"footnotes":""},"class_list":["post-400","page","type-page","status-publish","hentry"],"yoast_head":"<!-- This site is optimized with the Yoast SEO plugin v17.9 - https:\/\/yoast.com\/wordpress\/plugins\/seo\/ -->\n<title>Comunicaci\u00f3n<\/title>\n<meta name=\"robots\" content=\"index, follow, max-snippet:-1, max-image-preview:large, max-video-preview:-1\" \/>\n<link rel=\"canonical\" href=\"https:\/\/rumbosureventos.com\/index.php\/comunicacion\/\" \/>\n<meta property=\"og:locale\" content=\"es_ES\" \/>\n<meta property=\"og:type\" content=\"article\" \/>\n<meta property=\"og:title\" content=\"Comunicaci\u00f3n\" \/>\n<meta property=\"og:description\" content=\"Comunicaci\u00f3n Una manera nueva y sorprendente de captar la atenci\u00f3n. ALQUILER DE BARCOS DE REGATA COMO SOPORTES PUBLICITARIOS \u00a1Mayor impacto imposible!. Barcos de 9 metros de eslora arbolados, rotulados con el nombre y la imagen de tu compa\u00f1\u00eda, y empavesados con banderas y gallardetes colocados sobre sus remolque en el lugar que tu nos indiques. [&hellip;]\" \/>\n<meta property=\"og:url\" content=\"https:\/\/rumbosureventos.com\/index.php\/comunicacion\/\" \/>\n<meta property=\"og:site_name\" content=\"Rumbo Sur Eventos\" \/>\n<meta property=\"article:modified_time\" content=\"2022-01-19T22:17:33+00:00\" \/>\n<meta property=\"og:image\" content=\"https:\/\/rumbosureventos.com\/wp-content\/uploads\/2022\/01\/barcos-de-regata-como-soportes-publicitarios.jpg\" \/>\n<meta name=\"twitter:card\" content=\"summary_large_image\" \/>\n<meta name=\"twitter:label1\" content=\"Tiempo de lectura\" \/>\n\t<meta name=\"twitter:data1\" content=\"1 minuto\" \/>\n<script type=\"application\/ld+json\" class=\"yoast-schema-graph\">{\"@context\":\"https:\/\/schema.org\",\"@graph\":[{\"@type\":\"WebSite\",\"@id\":\"https:\/\/rumbosureventos.com\/#website\",\"url\":\"https:\/\/rumbosureventos.com\/\",\"name\":\"Rumbo Sur Eventos\",\"description\":\"\",\"potentialAction\":[{\"@type\":\"SearchAction\",\"target\":{\"@type\":\"EntryPoint\",\"urlTemplate\":\"https:\/\/rumbosureventos.com\/?s={search_term_string}\"},\"query-input\":\"required name=search_term_string\"}],\"inLanguage\":\"es\"},{\"@type\":\"ImageObject\",\"@id\":\"https:\/\/rumbosureventos.com\/index.php\/comunicacion\/#primaryimage\",\"inLanguage\":\"es\",\"url\":\"https:\/\/rumbosureventos.com\/wp-content\/uploads\/2022\/01\/barcos-de-regata-como-soportes-publicitarios.jpg\",\"contentUrl\":\"https:\/\/rumbosureventos.com\/wp-content\/uploads\/2022\/01\/barcos-de-regata-como-soportes-publicitarios.jpg\",\"width\":1024,\"height\":768},{\"@type\":\"WebPage\",\"@id\":\"https:\/\/rumbosureventos.com\/index.php\/comunicacion\/#webpage\",\"url\":\"https:\/\/rumbosureventos.com\/index.php\/comunicacion\/\",\"name\":\"Comunicaci\\u00f3n\",\"isPartOf\":{\"@id\":\"https:\/\/rumbosureventos.com\/#website\"},\"primaryImageOfPage\":{\"@id\":\"https:\/\/rumbosureventos.com\/index.php\/comunicacion\/#primaryimage\"},\"datePublished\":\"2022-01-19T22:13:24+00:00\",\"dateModified\":\"2022-01-19T22:17:33+00:00\",\"breadcrumb\":{\"@id\":\"https:\/\/rumbosureventos.com\/index.php\/comunicacion\/#breadcrumb\"},\"inLanguage\":\"es\",\"potentialAction\":[{\"@type\":\"ReadAction\",\"target\":[\"https:\/\/rumbosureventos.com\/index.php\/comunicacion\/\"]}]},{\"@type\":\"BreadcrumbList\",\"@id\":\"https:\/\/rumbosureventos.com\/index.php\/comunicacion\/#breadcrumb\",\"itemListElement\":[{\"@type\":\"ListItem\",\"position\":1,\"name\":\"Portada\",\"item\":\"https:\/\/rumbosureventos.com\/\"},{\"@type\":\"ListItem\",\"position\":2,\"name\":\"Comunicaci\\u00f3n\"}]}]}<\/script>\n<!-- \/ Yoast SEO plugin. -->","yoast_head_json":{"title":"Comunicaci\u00f3n","robots":{"index":"index","follow":"follow","max-snippet":"max-snippet:-1","max-image-preview":"max-image-preview:large","max-video-preview":"max-video-preview:-1"},"canonical":"https:\/\/rumbosureventos.com\/index.php\/comunicacion\/","og_locale":"es_ES","og_type":"article","og_title":"Comunicaci\u00f3n","og_description":"Comunicaci\u00f3n Una manera nueva y sorprendente de captar la atenci\u00f3n. ALQUILER DE BARCOS DE REGATA COMO SOPORTES PUBLICITARIOS \u00a1Mayor impacto imposible!. Barcos de 9 metros de eslora arbolados, rotulados con el nombre y la imagen de tu compa\u00f1\u00eda, y empavesados con banderas y gallardetes colocados sobre sus remolque en el lugar que tu nos indiques. [&hellip;]","og_url":"https:\/\/rumbosureventos.com\/index.php\/comunicacion\/","og_site_name":"Rumbo Sur Eventos","article_modified_time":"2022-01-19T22:17:33+00:00","og_image":[{"url":"https:\/\/rumbosureventos.com\/wp-content\/uploads\/2022\/01\/barcos-de-regata-como-soportes-publicitarios.jpg"}],"twitter_card":"summary_large_image","twitter_misc":{"Tiempo de lectura":"1 minuto"},"schema":{"@context":"https:\/\/schema.org","@graph":[{"@type":"WebSite","@id":"https:\/\/rumbosureventos.com\/#website","url":"https:\/\/rumbosureventos.com\/","name":"Rumbo Sur Eventos","description":"","potentialAction":[{"@type":"SearchAction","target":{"@type":"EntryPoint","urlTemplate":"https:\/\/rumbosureventos.com\/?s={search_term_string}"},"query-input":"required name=search_term_string"}],"inLanguage":"es"},{"@type":"ImageObject","@id":"https:\/\/rumbosureventos.com\/index.php\/comunicacion\/#primaryimage","inLanguage":"es","url":"https:\/\/rumbosureventos.com\/wp-content\/uploads\/2022\/01\/barcos-de-regata-como-soportes-publicitarios.jpg","contentUrl":"https:\/\/rumbosureventos.com\/wp-content\/uploads\/2022\/01\/barcos-de-regata-como-soportes-publicitarios.jpg","width":1024,"height":768},{"@type":"WebPage","@id":"https:\/\/rumbosureventos.com\/index.php\/comunicacion\/#webpage","url":"https:\/\/rumbosureventos.com\/index.php\/comunicacion\/","name":"Comunicaci\u00f3n","isPartOf":{"@id":"https:\/\/rumbosureventos.com\/#website"},"primaryImageOfPage":{"@id":"https:\/\/rumbosureventos.com\/index.php\/comunicacion\/#primaryimage"},"datePublished":"2022-01-19T22:13:24+00:00","dateModified":"2022-01-19T22:17:33+00:00","breadcrumb":{"@id":"https:\/\/rumbosureventos.com\/index.php\/comunicacion\/#breadcrumb"},"inLanguage":"es","potentialAction":[{"@type":"ReadAction","target":["https:\/\/rumbosureventos.com\/index.php\/comunicacion\/"]}]},{"@type":"BreadcrumbList","@id":"https:\/\/rumbosureventos.com\/index.php\/comunicacion\/#breadcrumb","itemListElement":[{"@type":"ListItem","position":1,"name":"Portada","item":"https:\/\/rumbosureventos.com\/"},{"@type":"ListItem","position":2,"name":"Comunicaci\u00f3n"}]}]}},"_links":{"self":[{"href":"https:\/\/rumbosureventos.com\/index.php\/wp-json\/wp\/v2\/pages\/400","targetHints":{"allow":["GET"]}}],"collection":[{"href":"https:\/\/rumbosureventos.com\/index.php\/wp-json\/wp\/v2\/pages"}],"about":[{"href":"https:\/\/rumbosureventos.com\/index.php\/wp-json\/wp\/v2\/types\/page"}],"author":[{"embeddable":true,"href":"https:\/\/rumbosureventos.com\/index.php\/wp-json\/wp\/v2\/users\/1"}],"replies":[{"embeddable":true,"href":"https:\/\/rumbosureventos.com\/index.php\/wp-json\/wp\/v2\/comments?post=400"}],"version-history":[{"count":8,"href":"https:\/\/rumbosureventos.com\/index.php\/wp-json\/wp\/v2\/pages\/400\/revisions"}],"predecessor-version":[{"id":409,"href":"https:\/\/rumbosureventos.com\/index.php\/wp-json\/wp\/v2\/pages\/400\/revisions\/409"}],"wp:attachment":[{"href":"https:\/\/rumbosureventos.com\/index.php\/wp-json\/wp\/v2\/media?parent=400"}],"curies":[{"name":"wp","href":"https:\/\/api.w.org\/{rel}","templated":true}]}}